{"id":5008,"date":"2023-03-21T14:20:15","date_gmt":"2023-03-21T13:20:15","guid":{"rendered":"https:\/\/www.halcyonexecutive.com\/territories\/"},"modified":"2023-05-03T10:23:17","modified_gmt":"2023-05-03T08:23:17","slug":"territorios","status":"publish","type":"page","link":"https:\/\/www.halcyonexecutive.com\/es\/territorios\/","title":{"rendered":"TERRITORIOS"},"content":{"rendered":"\t\t<div data-elementor-type=\"wp-page\" data-elementor-id=\"5008\" class=\"elementor elementor-5008 elementor-2589\">\n\t\t\t\t\t\t<section class=\"elementor-section elementor-top-section elementor-element elementor-element-791840c elementor-section-full_width elementor-section-height-default elementor-section-height-default\" data-id=\"791840c\" data-element_type=\"section\" data-e-type=\"section\" data-settings=\"{&quot;background_background&quot;:&quot;classic&quot;}\">\n\t\t\t\t\t\t<div class=\"elementor-container elementor-column-gap-default\">\n\t\t\t\t\t<div class=\"elementor-column elementor-col-100 elementor-top-column elementor-element elementor-element-fcdaa56\" data-id=\"fcdaa56\" data-element_type=\"column\" data-e-type=\"column\">\n\t\t\t<div class=\"elementor-widget-wrap elementor-element-populated\">\n\t\t\t\t\t\t<div class=\"elementor-element elementor-element-20c4b0d elementor-invisible elementor-widget elementor-widget-image\" data-id=\"20c4b0d\" data-element_type=\"widget\" data-e-type=\"widget\" data-settings=\"{&quot;_animation&quot;:&quot;fadeIn&quot;}\" data-widget_type=\"image.default\">\n\t\t\t\t<div class=\"elementor-widget-container\">\n\t\t\t\t\t\t\t\t\t\t\t\t\t\t\t<img fetchpriority=\"high\" decoding=\"async\" width=\"2000\" height=\"746\" src=\"https:\/\/www.halcyonexecutive.com\/wp-content\/uploads\/2023\/03\/territories_banner-1.jpg\" class=\"attachment-full size-full wp-image-3401\" alt=\"\" srcset=\"https:\/\/www.halcyonexecutive.com\/wp-content\/uploads\/2023\/03\/territories_banner-1.jpg 2000w, https:\/\/www.halcyonexecutive.com\/wp-content\/uploads\/2023\/03\/territories_banner-1-300x112.jpg 300w, https:\/\/www.halcyonexecutive.com\/wp-content\/uploads\/2023\/03\/territories_banner-1-1024x382.jpg 1024w, https:\/\/www.halcyonexecutive.com\/wp-content\/uploads\/2023\/03\/territories_banner-1-768x286.jpg 768w, https:\/\/www.halcyonexecutive.com\/wp-content\/uploads\/2023\/03\/territories_banner-1-1536x573.jpg 1536w, https:\/\/www.halcyonexecutive.com\/wp-content\/uploads\/2023\/03\/territories_banner-1-400x149.jpg 400w, https:\/\/www.halcyonexecutive.com\/wp-content\/uploads\/2023\/03\/territories_banner-1-810x302.jpg 810w\" sizes=\"(max-width: 2000px) 100vw, 2000px\" \/>\t\t\t\t\t\t\t\t\t\t\t\t\t\t\t<\/div>\n\t\t\t\t<\/div>\n\t\t\t\t<div class=\"elementor-element elementor-element-dd1b250 elementor-invisible elementor-widget elementor-widget-heading\" data-id=\"dd1b250\" data-element_type=\"widget\" data-e-type=\"widget\" id=\"territ-section-id\" data-settings=\"{&quot;_animation&quot;:&quot;fadeIn&quot;}\" data-widget_type=\"heading.default\">\n\t\t\t\t<div class=\"elementor-widget-container\">\n\t\t\t\t\t<h2 class=\"elementor-heading-title elementor-size-xl\">TERRITORIOS<\/h2>\t\t\t\t<\/div>\n\t\t\t\t<\/div>\n\t\t\t\t\t<\/div>\n\t\t<\/div>\n\t\t\t\t\t<\/div>\n\t\t<\/section>\n\t\t\t\t<section class=\"elementor-section elementor-top-section elementor-element elementor-element-4781cc1 elementor-section-boxed elementor-section-height-default elementor-section-height-default elementor-invisible\" data-id=\"4781cc1\" data-element_type=\"section\" data-e-type=\"section\" data-settings=\"{&quot;background_background&quot;:&quot;classic&quot;,&quot;animation&quot;:&quot;fadeIn&quot;}\">\n\t\t\t\t\t\t<div class=\"elementor-container elementor-column-gap-default\">\n\t\t\t\t\t<div class=\"elementor-column elementor-col-100 elementor-top-column elementor-element elementor-element-051958b\" data-id=\"051958b\" data-element_type=\"column\" data-e-type=\"column\">\n\t\t\t<div class=\"elementor-widget-wrap elementor-element-populated\">\n\t\t\t\t\t\t<div class=\"elementor-element elementor-element-02aa698 elementor-widget elementor-widget-text-editor\" data-id=\"02aa698\" data-element_type=\"widget\" data-e-type=\"widget\" data-widget_type=\"text-editor.default\">\n\t\t\t\t<div class=\"elementor-widget-container\">\n\t\t\t\t\t\t\t\t\t<p>La fuerza de Halcyon Executive: un conocimiento real de la esfera p\u00fablica tanto a nivel local como nacional, y una s\u00f3lida comprensi\u00f3n de los retos de la esfera privada tanto a nivel local como internacional.<\/p>\t\t\t\t\t\t\t\t<\/div>\n\t\t\t\t<\/div>\n\t\t\t\t\t<\/div>\n\t\t<\/div>\n\t\t\t\t\t<\/div>\n\t\t<\/section>\n\t\t\t\t<section class=\"elementor-section elementor-top-section elementor-element elementor-element-6bd0f51 elementor-section-boxed elementor-section-height-default elementor-section-height-default\" data-id=\"6bd0f51\" data-element_type=\"section\" data-e-type=\"section\">\n\t\t\t\t\t\t<div class=\"elementor-container elementor-column-gap-default\">\n\t\t\t\t\t<div class=\"elementor-column elementor-col-50 elementor-top-column elementor-element elementor-element-f8a4fe2 elementor-invisible\" data-id=\"f8a4fe2\" data-element_type=\"column\" data-e-type=\"column\" data-settings=\"{&quot;animation&quot;:&quot;fadeInLeft&quot;}\">\n\t\t\t<div class=\"elementor-widget-wrap elementor-element-populated\">\n\t\t\t\t\t\t<div class=\"elementor-element elementor-element-865722b elementor-widget elementor-widget-image\" data-id=\"865722b\" data-element_type=\"widget\" data-e-type=\"widget\" data-widget_type=\"image.default\">\n\t\t\t\t<div class=\"elementor-widget-container\">\n\t\t\t\t\t\t\t\t\t\t\t\t\t\t\t<img decoding=\"async\" width=\"1024\" height=\"682\" src=\"https:\/\/www.halcyonexecutive.com\/wp-content\/uploads\/2023\/03\/local-1024x682.jpg\" class=\"attachment-large size-large wp-image-4995\" alt=\"\" srcset=\"https:\/\/www.halcyonexecutive.com\/wp-content\/uploads\/2023\/03\/local-1024x682.jpg 1024w, https:\/\/www.halcyonexecutive.com\/wp-content\/uploads\/2023\/03\/local-300x200.jpg 300w, https:\/\/www.halcyonexecutive.com\/wp-content\/uploads\/2023\/03\/local-768x512.jpg 768w, https:\/\/www.halcyonexecutive.com\/wp-content\/uploads\/2023\/03\/local-1536x1024.jpg 1536w, https:\/\/www.halcyonexecutive.com\/wp-content\/uploads\/2023\/03\/local-400x267.jpg 400w, https:\/\/www.halcyonexecutive.com\/wp-content\/uploads\/2023\/03\/local-810x540.jpg 810w, https:\/\/www.halcyonexecutive.com\/wp-content\/uploads\/2023\/03\/local.jpg 2000w\" sizes=\"(max-width: 1024px) 100vw, 1024px\" \/>\t\t\t\t\t\t\t\t\t\t\t\t\t\t\t<\/div>\n\t\t\t\t<\/div>\n\t\t\t\t\t<\/div>\n\t\t<\/div>\n\t\t\t\t<div class=\"elementor-column elementor-col-50 elementor-top-column elementor-element elementor-element-c8eb3f3 elementor-invisible\" data-id=\"c8eb3f3\" data-element_type=\"column\" data-e-type=\"column\" data-settings=\"{&quot;animation&quot;:&quot;fadeInRight&quot;}\">\n\t\t\t<div class=\"elementor-widget-wrap elementor-element-populated\">\n\t\t\t\t\t\t<div class=\"elementor-element elementor-element-7f55b78 elementor-widget elementor-widget-heading\" data-id=\"7f55b78\" data-element_type=\"widget\" data-e-type=\"widget\" data-widget_type=\"heading.default\">\n\t\t\t\t<div class=\"elementor-widget-container\">\n\t\t\t\t\t<h2 class=\"elementor-heading-title elementor-size-default\">Local<\/h2>\t\t\t\t<\/div>\n\t\t\t\t<\/div>\n\t\t\t\t<div class=\"elementor-element elementor-element-3be46c1 elementor-widget elementor-widget-text-editor\" data-id=\"3be46c1\" data-element_type=\"widget\" data-e-type=\"widget\" data-widget_type=\"text-editor.default\">\n\t\t\t\t<div class=\"elementor-widget-container\">\n\t\t\t\t\t\t\t\t\t<p>Nuestra visi\u00f3n pol\u00edtica de los entornos administrativos y de las dimensiones humanas facilita nuestro enraizamiento local y nuestra implicaci\u00f3n en los proyectos de cada territorio. Nuestros consultores trabajan en toda Francia.<\/p>\t\t\t\t\t\t\t\t<\/div>\n\t\t\t\t<\/div>\n\t\t\t\t\t<\/div>\n\t\t<\/div>\n\t\t\t\t\t<\/div>\n\t\t<\/section>\n\t\t\t\t<section class=\"elementor-section elementor-top-section elementor-element elementor-element-7434bdf elementor-section-boxed elementor-section-height-default elementor-section-height-default\" data-id=\"7434bdf\" data-element_type=\"section\" data-e-type=\"section\" data-settings=\"{&quot;background_background&quot;:&quot;classic&quot;}\">\n\t\t\t\t\t\t<div class=\"elementor-container elementor-column-gap-default\">\n\t\t\t\t\t<div class=\"elementor-column elementor-col-50 elementor-top-column elementor-element elementor-element-e968574 elementor-invisible\" data-id=\"e968574\" data-element_type=\"column\" data-e-type=\"column\" data-settings=\"{&quot;animation&quot;:&quot;fadeInLeft&quot;}\">\n\t\t\t<div class=\"elementor-widget-wrap elementor-element-populated\">\n\t\t\t\t\t\t<div class=\"elementor-element elementor-element-8c430e6 elementor-widget elementor-widget-heading\" data-id=\"8c430e6\" data-element_type=\"widget\" data-e-type=\"widget\" data-widget_type=\"heading.default\">\n\t\t\t\t<div class=\"elementor-widget-container\">\n\t\t\t\t\t<h2 class=\"elementor-heading-title elementor-size-default\">Nacional<\/h2>\t\t\t\t<\/div>\n\t\t\t\t<\/div>\n\t\t\t\t<div class=\"elementor-element elementor-element-ecd34e7 elementor-widget elementor-widget-text-editor\" data-id=\"ecd34e7\" data-element_type=\"widget\" data-e-type=\"widget\" data-widget_type=\"text-editor.default\">\n\t\t\t\t<div class=\"elementor-widget-container\">\n\t\t\t\t\t\t\t\t\t<p>Este enfoque local se reproduce f\u00e1cilmente en todo el pa\u00eds, tanto al servicio del Estado franc\u00e9s en la administraci\u00f3n central como en las empresas de alcance nacional.<\/p>\t\t\t\t\t\t\t\t<\/div>\n\t\t\t\t<\/div>\n\t\t\t\t\t<\/div>\n\t\t<\/div>\n\t\t\t\t<div class=\"elementor-column elementor-col-50 elementor-top-column elementor-element elementor-element-f818d04 elementor-invisible\" data-id=\"f818d04\" data-element_type=\"column\" data-e-type=\"column\" data-settings=\"{&quot;animation&quot;:&quot;fadeInRight&quot;}\">\n\t\t\t<div class=\"elementor-widget-wrap elementor-element-populated\">\n\t\t\t\t\t\t<div class=\"elementor-element elementor-element-0bcb213 elementor-widget elementor-widget-image\" data-id=\"0bcb213\" data-element_type=\"widget\" data-e-type=\"widget\" data-widget_type=\"image.default\">\n\t\t\t\t<div class=\"elementor-widget-container\">\n\t\t\t\t\t\t\t\t\t\t\t\t\t\t\t<img decoding=\"async\" width=\"1024\" height=\"742\" src=\"https:\/\/www.halcyonexecutive.com\/wp-content\/uploads\/2023\/03\/national-1024x742.jpg\" class=\"attachment-large size-large wp-image-4996\" alt=\"\" srcset=\"https:\/\/www.halcyonexecutive.com\/wp-content\/uploads\/2023\/03\/national-1024x742.jpg 1024w, https:\/\/www.halcyonexecutive.com\/wp-content\/uploads\/2023\/03\/national-300x217.jpg 300w, https:\/\/www.halcyonexecutive.com\/wp-content\/uploads\/2023\/03\/national-768x556.jpg 768w, https:\/\/www.halcyonexecutive.com\/wp-content\/uploads\/2023\/03\/national-1536x1113.jpg 1536w, https:\/\/www.halcyonexecutive.com\/wp-content\/uploads\/2023\/03\/national-400x290.jpg 400w, https:\/\/www.halcyonexecutive.com\/wp-content\/uploads\/2023\/03\/national-810x587.jpg 810w, https:\/\/www.halcyonexecutive.com\/wp-content\/uploads\/2023\/03\/national.jpg 2000w\" sizes=\"(max-width: 1024px) 100vw, 1024px\" \/>\t\t\t\t\t\t\t\t\t\t\t\t\t\t\t<\/div>\n\t\t\t\t<\/div>\n\t\t\t\t\t<\/div>\n\t\t<\/div>\n\t\t\t\t\t<\/div>\n\t\t<\/section>\n\t\t\t\t<section class=\"elementor-section elementor-top-section elementor-element elementor-element-e54a8c1 elementor-section-boxed elementor-section-height-default elementor-section-height-default\" data-id=\"e54a8c1\" data-element_type=\"section\" data-e-type=\"section\">\n\t\t\t\t\t\t<div class=\"elementor-container elementor-column-gap-default\">\n\t\t\t\t\t<div class=\"elementor-column elementor-col-66 elementor-top-column elementor-element elementor-element-c7efc79 elementor-invisible\" data-id=\"c7efc79\" data-element_type=\"column\" data-e-type=\"column\" data-settings=\"{&quot;animation&quot;:&quot;fadeInLeft&quot;}\">\n\t\t\t<div class=\"elementor-widget-wrap elementor-element-populated\">\n\t\t\t\t\t\t<div class=\"elementor-element elementor-element-73d10a6 elementor-widget elementor-widget-image\" data-id=\"73d10a6\" data-element_type=\"widget\" data-e-type=\"widget\" data-widget_type=\"image.default\">\n\t\t\t\t<div class=\"elementor-widget-container\">\n\t\t\t\t\t\t\t\t\t\t\t\t\t\t\t<img loading=\"lazy\" decoding=\"async\" width=\"1024\" height=\"682\" src=\"https:\/\/www.halcyonexecutive.com\/wp-content\/uploads\/2023\/04\/alina-grubnyak-ZiQkhI7417A-unsplash-1024x682.jpg\" class=\"attachment-large size-large wp-image-5371\" alt=\"\" srcset=\"https:\/\/www.halcyonexecutive.com\/wp-content\/uploads\/2023\/04\/alina-grubnyak-ZiQkhI7417A-unsplash-1024x682.jpg 1024w, https:\/\/www.halcyonexecutive.com\/wp-content\/uploads\/2023\/04\/alina-grubnyak-ZiQkhI7417A-unsplash-300x200.jpg 300w, https:\/\/www.halcyonexecutive.com\/wp-content\/uploads\/2023\/04\/alina-grubnyak-ZiQkhI7417A-unsplash-768x512.jpg 768w, https:\/\/www.halcyonexecutive.com\/wp-content\/uploads\/2023\/04\/alina-grubnyak-ZiQkhI7417A-unsplash-1536x1024.jpg 1536w, https:\/\/www.halcyonexecutive.com\/wp-content\/uploads\/2023\/04\/alina-grubnyak-ZiQkhI7417A-unsplash-400x267.jpg 400w, https:\/\/www.halcyonexecutive.com\/wp-content\/uploads\/2023\/04\/alina-grubnyak-ZiQkhI7417A-unsplash-810x540.jpg 810w, https:\/\/www.halcyonexecutive.com\/wp-content\/uploads\/2023\/04\/alina-grubnyak-ZiQkhI7417A-unsplash.jpg 2000w\" sizes=\"(max-width: 1024px) 100vw, 1024px\" \/>\t\t\t\t\t\t\t\t\t\t\t\t\t\t\t<\/div>\n\t\t\t\t<\/div>\n\t\t\t\t\t<\/div>\n\t\t<\/div>\n\t\t\t\t<div class=\"elementor-column elementor-col-33 elementor-top-column elementor-element elementor-element-dce0c23 elementor-invisible\" data-id=\"dce0c23\" data-element_type=\"column\" data-e-type=\"column\" data-settings=\"{&quot;animation&quot;:&quot;fadeInRight&quot;}\">\n\t\t\t<div class=\"elementor-widget-wrap elementor-element-populated\">\n\t\t\t\t\t\t<div class=\"elementor-element elementor-element-3183619 elementor-widget elementor-widget-heading\" data-id=\"3183619\" data-element_type=\"widget\" data-e-type=\"widget\" data-widget_type=\"heading.default\">\n\t\t\t\t<div class=\"elementor-widget-container\">\n\t\t\t\t\t<h2 class=\"elementor-heading-title elementor-size-default\">Internacional<\/h2>\t\t\t\t<\/div>\n\t\t\t\t<\/div>\n\t\t\t\t<div class=\"elementor-element elementor-element-6c69624 elementor-widget elementor-widget-text-editor\" data-id=\"6c69624\" data-element_type=\"widget\" data-e-type=\"widget\" data-widget_type=\"text-editor.default\">\n\t\t\t\t<div class=\"elementor-widget-container\">\n\t\t\t\t\t\t\t\t\t<p>Nuestras experiencia y competencia en Francia y en el extranjero nos permiti\u00f3 crear una red a nivel internacional.<\/p><p>Con todos aquellos que comparten los mismos valores y la misma preocupaci\u00f3n por el trabajo bien hecho en diferentes pa\u00edses del mundo, desarrollamos una finura de enfoque, un dominio cultural y una fina comprensi\u00f3n de los mercados nacionales.<\/p><p>Halcyon Executive se erige as\u00ed como garante de la comprensi\u00f3n de la cultura francesa a nivel internacional.<\/p>\t\t\t\t\t\t\t\t<\/div>\n\t\t\t\t<\/div>\n\t\t\t\t\t<\/div>\n\t\t<\/div>\n\t\t\t\t\t<\/div>\n\t\t<\/section>\n\t\t\t\t<\/div>\n\t\t","protected":false},"excerpt":{"rendered":"<p>TERRITORIOS La fuerza de Halcyon Executive: un conocimiento real de la esfera p\u00fablica tanto a nivel local como nacional, y una s\u00f3lida comprensi\u00f3n de los retos de la esfera privada [&hellip;]<\/p>\n","protected":false},"author":2,"featured_media":0,"parent":0,"menu_order":0,"comment_status":"closed","ping_status":"closed","template":"","meta":{"footnotes":""},"class_list":["post-5008","page","type-page","status-publish","hentry"],"yoast_head":"<!-- This site is optimized with the Yoast SEO plugin v27.1.1 - https:\/\/yoast.com\/product\/yoast-seo-wordpress\/ -->\n<title>TERRITORIOS - halcyonexecutive<\/title>\n<meta name=\"robots\" content=\"index, follow, max-snippet:-1, max-image-preview:large, max-video-preview:-1\" \/>\n<link rel=\"canonical\" href=\"https:\/\/www.halcyonexecutive.com\/es\/territorios\/\" \/>\n<meta property=\"og:locale\" content=\"es_ES\" \/>\n<meta property=\"og:type\" content=\"article\" \/>\n<meta property=\"og:title\" content=\"TERRITORIOS - halcyonexecutive\" \/>\n<meta property=\"og:description\" content=\"TERRITORIOS La fuerza de Halcyon Executive: un conocimiento real de la esfera p\u00fablica tanto a nivel local como nacional, y una s\u00f3lida comprensi\u00f3n de los retos de la esfera privada [&hellip;]\" \/>\n<meta property=\"og:url\" content=\"https:\/\/www.halcyonexecutive.com\/es\/territorios\/\" \/>\n<meta property=\"og:site_name\" content=\"halcyonexecutive\" \/>\n<meta property=\"article:modified_time\" content=\"2023-05-03T08:23:17+00:00\" \/>\n<meta property=\"og:image\" content=\"https:\/\/www.halcyonexecutive.com\/wp-content\/uploads\/2023\/03\/territories_banner-1.jpg\" \/>\n<meta name=\"twitter:card\" content=\"summary_large_image\" \/>\n<meta name=\"twitter:label1\" content=\"Tiempo de lectura\" \/>\n\t<meta name=\"twitter:data1\" content=\"2 minutos\" \/>\n<script type=\"application\/ld+json\" class=\"yoast-schema-graph\">{\"@context\":\"https:\/\/schema.org\",\"@graph\":[{\"@type\":\"WebPage\",\"@id\":\"https:\/\/www.halcyonexecutive.com\/es\/territorios\/\",\"url\":\"https:\/\/www.halcyonexecutive.com\/es\/territorios\/\",\"name\":\"TERRITORIOS - halcyonexecutive\",\"isPartOf\":{\"@id\":\"https:\/\/www.halcyonexecutive.com\/#website\"},\"primaryImageOfPage\":{\"@id\":\"https:\/\/www.halcyonexecutive.com\/es\/territorios\/#primaryimage\"},\"image\":{\"@id\":\"https:\/\/www.halcyonexecutive.com\/es\/territorios\/#primaryimage\"},\"thumbnailUrl\":\"https:\/\/www.halcyonexecutive.com\/wp-content\/uploads\/2023\/03\/territories_banner-1.jpg\",\"datePublished\":\"2023-03-21T13:20:15+00:00\",\"dateModified\":\"2023-05-03T08:23:17+00:00\",\"breadcrumb\":{\"@id\":\"https:\/\/www.halcyonexecutive.com\/es\/territorios\/#breadcrumb\"},\"inLanguage\":\"es\",\"potentialAction\":[{\"@type\":\"ReadAction\",\"target\":[\"https:\/\/www.halcyonexecutive.com\/es\/territorios\/\"]}]},{\"@type\":\"ImageObject\",\"inLanguage\":\"es\",\"@id\":\"https:\/\/www.halcyonexecutive.com\/es\/territorios\/#primaryimage\",\"url\":\"https:\/\/www.halcyonexecutive.com\/wp-content\/uploads\/2023\/03\/territories_banner-1.jpg\",\"contentUrl\":\"https:\/\/www.halcyonexecutive.com\/wp-content\/uploads\/2023\/03\/territories_banner-1.jpg\"},{\"@type\":\"BreadcrumbList\",\"@id\":\"https:\/\/www.halcyonexecutive.com\/es\/territorios\/#breadcrumb\",\"itemListElement\":[{\"@type\":\"ListItem\",\"position\":1,\"name\":\"Home\",\"item\":\"https:\/\/www.halcyonexecutive.com\/es\/\"},{\"@type\":\"ListItem\",\"position\":2,\"name\":\"TERRITORIOS\"}]},{\"@type\":\"WebSite\",\"@id\":\"https:\/\/www.halcyonexecutive.com\/#website\",\"url\":\"https:\/\/www.halcyonexecutive.com\/\",\"name\":\"halcyonexecutive\",\"description\":\"Inspirer les organisations, r\u00e9v\u00e9ler les talents\",\"publisher\":{\"@id\":\"https:\/\/www.halcyonexecutive.com\/#organization\"},\"potentialAction\":[{\"@type\":\"SearchAction\",\"target\":{\"@type\":\"EntryPoint\",\"urlTemplate\":\"https:\/\/www.halcyonexecutive.com\/?s={search_term_string}\"},\"query-input\":{\"@type\":\"PropertyValueSpecification\",\"valueRequired\":true,\"valueName\":\"search_term_string\"}}],\"inLanguage\":\"es\"},{\"@type\":\"Organization\",\"@id\":\"https:\/\/www.halcyonexecutive.com\/#organization\",\"name\":\"halcyonexecutive\",\"url\":\"https:\/\/www.halcyonexecutive.com\/\",\"logo\":{\"@type\":\"ImageObject\",\"inLanguage\":\"es\",\"@id\":\"https:\/\/www.halcyonexecutive.com\/#\/schema\/logo\/image\/\",\"url\":\"https:\/\/www.halcyonexecutive.com\/wp-content\/uploads\/2023\/03\/logo_header_halcyon.jpg\",\"contentUrl\":\"https:\/\/www.halcyonexecutive.com\/wp-content\/uploads\/2023\/03\/logo_header_halcyon.jpg\",\"width\":400,\"height\":140,\"caption\":\"halcyonexecutive\"},\"image\":{\"@id\":\"https:\/\/www.halcyonexecutive.com\/#\/schema\/logo\/image\/\"},\"sameAs\":[\"https:\/\/www.linkedin.com\/company\/halcyon-executive\/\"]}]}<\/script>\n<!-- \/ Yoast SEO plugin. -->","yoast_head_json":{"title":"TERRITORIOS - halcyonexecutive","robots":{"index":"index","follow":"follow","max-snippet":"max-snippet:-1","max-image-preview":"max-image-preview:large","max-video-preview":"max-video-preview:-1"},"canonical":"https:\/\/www.halcyonexecutive.com\/es\/territorios\/","og_locale":"es_ES","og_type":"article","og_title":"TERRITORIOS - halcyonexecutive","og_description":"TERRITORIOS La fuerza de Halcyon Executive: un conocimiento real de la esfera p\u00fablica tanto a nivel local como nacional, y una s\u00f3lida comprensi\u00f3n de los retos de la esfera privada [&hellip;]","og_url":"https:\/\/www.halcyonexecutive.com\/es\/territorios\/","og_site_name":"halcyonexecutive","article_modified_time":"2023-05-03T08:23:17+00:00","og_image":[{"url":"https:\/\/www.halcyonexecutive.com\/wp-content\/uploads\/2023\/03\/territories_banner-1.jpg","type":"","width":"","height":""}],"twitter_card":"summary_large_image","twitter_misc":{"Tiempo de lectura":"2 minutos"},"schema":{"@context":"https:\/\/schema.org","@graph":[{"@type":"WebPage","@id":"https:\/\/www.halcyonexecutive.com\/es\/territorios\/","url":"https:\/\/www.halcyonexecutive.com\/es\/territorios\/","name":"TERRITORIOS - halcyonexecutive","isPartOf":{"@id":"https:\/\/www.halcyonexecutive.com\/#website"},"primaryImageOfPage":{"@id":"https:\/\/www.halcyonexecutive.com\/es\/territorios\/#primaryimage"},"image":{"@id":"https:\/\/www.halcyonexecutive.com\/es\/territorios\/#primaryimage"},"thumbnailUrl":"https:\/\/www.halcyonexecutive.com\/wp-content\/uploads\/2023\/03\/territories_banner-1.jpg","datePublished":"2023-03-21T13:20:15+00:00","dateModified":"2023-05-03T08:23:17+00:00","breadcrumb":{"@id":"https:\/\/www.halcyonexecutive.com\/es\/territorios\/#breadcrumb"},"inLanguage":"es","potentialAction":[{"@type":"ReadAction","target":["https:\/\/www.halcyonexecutive.com\/es\/territorios\/"]}]},{"@type":"ImageObject","inLanguage":"es","@id":"https:\/\/www.halcyonexecutive.com\/es\/territorios\/#primaryimage","url":"https:\/\/www.halcyonexecutive.com\/wp-content\/uploads\/2023\/03\/territories_banner-1.jpg","contentUrl":"https:\/\/www.halcyonexecutive.com\/wp-content\/uploads\/2023\/03\/territories_banner-1.jpg"},{"@type":"BreadcrumbList","@id":"https:\/\/www.halcyonexecutive.com\/es\/territorios\/#breadcrumb","itemListElement":[{"@type":"ListItem","position":1,"name":"Home","item":"https:\/\/www.halcyonexecutive.com\/es\/"},{"@type":"ListItem","position":2,"name":"TERRITORIOS"}]},{"@type":"WebSite","@id":"https:\/\/www.halcyonexecutive.com\/#website","url":"https:\/\/www.halcyonexecutive.com\/","name":"halcyonexecutive","description":"Inspirer les organisations, r\u00e9v\u00e9ler les talents","publisher":{"@id":"https:\/\/www.halcyonexecutive.com\/#organization"},"potentialAction":[{"@type":"SearchAction","target":{"@type":"EntryPoint","urlTemplate":"https:\/\/www.halcyonexecutive.com\/?s={search_term_string}"},"query-input":{"@type":"PropertyValueSpecification","valueRequired":true,"valueName":"search_term_string"}}],"inLanguage":"es"},{"@type":"Organization","@id":"https:\/\/www.halcyonexecutive.com\/#organization","name":"halcyonexecutive","url":"https:\/\/www.halcyonexecutive.com\/","logo":{"@type":"ImageObject","inLanguage":"es","@id":"https:\/\/www.halcyonexecutive.com\/#\/schema\/logo\/image\/","url":"https:\/\/www.halcyonexecutive.com\/wp-content\/uploads\/2023\/03\/logo_header_halcyon.jpg","contentUrl":"https:\/\/www.halcyonexecutive.com\/wp-content\/uploads\/2023\/03\/logo_header_halcyon.jpg","width":400,"height":140,"caption":"halcyonexecutive"},"image":{"@id":"https:\/\/www.halcyonexecutive.com\/#\/schema\/logo\/image\/"},"sameAs":["https:\/\/www.linkedin.com\/company\/halcyon-executive\/"]}]}},"_links":{"self":[{"href":"https:\/\/www.halcyonexecutive.com\/es\/wp-json\/wp\/v2\/pages\/5008","targetHints":{"allow":["GET"]}}],"collection":[{"href":"https:\/\/www.halcyonexecutive.com\/es\/wp-json\/wp\/v2\/pages"}],"about":[{"href":"https:\/\/www.halcyonexecutive.com\/es\/wp-json\/wp\/v2\/types\/page"}],"author":[{"embeddable":true,"href":"https:\/\/www.halcyonexecutive.com\/es\/wp-json\/wp\/v2\/users\/2"}],"replies":[{"embeddable":true,"href":"https:\/\/www.halcyonexecutive.com\/es\/wp-json\/wp\/v2\/comments?post=5008"}],"version-history":[{"count":20,"href":"https:\/\/www.halcyonexecutive.com\/es\/wp-json\/wp\/v2\/pages\/5008\/revisions"}],"predecessor-version":[{"id":5393,"href":"https:\/\/www.halcyonexecutive.com\/es\/wp-json\/wp\/v2\/pages\/5008\/revisions\/5393"}],"wp:attachment":[{"href":"https:\/\/www.halcyonexecutive.com\/es\/wp-json\/wp\/v2\/media?parent=5008"}],"curies":[{"name":"wp","href":"https:\/\/api.w.org\/{rel}","templated":true}]}}